{"id":163,"date":"2016-12-30T22:23:32","date_gmt":"2016-12-30T21:23:32","guid":{"rendered":"https:\/\/www.jenikovo.cz\/?page_id=163"},"modified":"2025-12-25T14:25:21","modified_gmt":"2025-12-25T13:25:21","slug":"odkaziste","status":"publish","type":"page","link":"https:\/\/www.jenikovo.cz\/index.php\/odkaziste\/","title":{"rendered":"Odkazi\u0161t\u011b"},"content":{"rendered":"<h4><span style=\"color: #0080ff;\">Foto<\/span><\/h4>\n<ul>\n<li><a title=\"Fotoapar\u00e1t.cz - R\u00e1dcem fotografa\" href=\"http:\/\/www.fotoaparat.cz\" target=\"_blank\" rel=\"noopener\">Fotoapar\u00e1t.cz<\/a><\/li>\n<li><a title=\"O fotografov\u00e1n\u00ed prej v\u00ed v\u0161e\" href=\"http:\/\/digiarena.zive.cz\" target=\"_blank\" rel=\"noopener\">DIGIarena<\/a><\/li>\n<li><a title=\"Digimanie - tituln\u00ed str\u00e1nka\" href=\"http:\/\/www.digimanie.cz\" target=\"_blank\" rel=\"noopener\">Digimanie<\/a><\/li>\n<li><a title=\"testy objektiv\u016f\" href=\"http:\/\/www.photozone.de\" target=\"_blank\" rel=\"noopener\">www.photozone.de<\/a><\/li>\n<li><a title=\"Digital Photography Review\" href=\"http:\/\/www.dpreview.com\" target=\"_blank\" rel=\"noopener\">dpriview.com<\/a><\/li>\n<\/ul>\n<h4><span style=\"color: #0080ff;\">PC servery<\/span><\/h4>\n<ul>\n<li><a title=\"Root.cz - linux, open source a free software\" href=\"https:\/\/www.root.cz\" target=\"_blank\" rel=\"noopener\">Root<\/a><\/li>\n<li><a title=\"abclinuxu.cz - Linux na st\u0159\u00edbrn\u00e9m podnose\" href=\"http:\/\/www.abclinuxu.cz\" target=\"_blank\" rel=\"noopener\">abclinuxu<\/a><\/li>\n<li><a title=\"Linux E X P R E S\" href=\"http:\/\/www.linuxexpres.cz\" target=\"_blank\" rel=\"noopener\">Linux EXPRES<\/a><\/li>\n<li><a title=\"Deep in IT - no prost\u00ec tydiit :-)\" href=\"http:\/\/diit.cz\" target=\"_blank\" rel=\"noopener\">Deep in IT<\/a><\/li>\n<li><a title=\"CDR\" href=\"http:\/\/cdr.cz\" target=\"_blank\" rel=\"noopener\">CDR<\/a><\/li>\n<li><a title=\"PCTuning\" href=\"http:\/\/www.pctuning.cz\" target=\"_blank\" rel=\"noopener\">PCTuning<\/a><\/li>\n<\/ul>\n<h4><span style=\"color: #0080ff;\">K\u0161efty PC a jin\u00e9<\/span><\/h4>\n<ul>\n<li><a title=\"CD, DVD a n\u00e1pln\u00ed do tisk\u00e1rny\" href=\"http:\/\/www.cdrmarket.cz\" target=\"_blank\" rel=\"noopener\">CDRmarket<\/a><\/li>\n<li><a title=\"Alza eShop - ten uje\u010denej zelenej hajzl\" href=\"http:\/\/www.alza.cz\" target=\"_blank\" rel=\"noopener\">Alza.cz<\/a><\/li>\n<li><a title=\"\u010cek komj\u016ftr\" href=\"http:\/\/www.mironet.cz\" target=\"_blank\" rel=\"noopener\">Mironet<\/a><\/li>\n<li><a title=\"ojetiny\" href=\"http:\/\/www.importpc.cz\" target=\"blank\" rel=\"noopener\">importPC<\/a><\/li>\n<\/ul>\n<h4><span style=\"color: #0080ff;\">Ostatn\u00ed<\/span><\/h4>\n<ul>\n<li><a title=\"SAMURAJ-cz.com - po\u010d\u00edta\u010dov\u00e9 s\u00edt\u011b, Cisco, administrace, webcoding a karate\" href=\"http:\/\/www.samuraj-cz.com\" target=\"_blank\" rel=\"noopener\">Samuraj.com<\/a><\/li>\n<li><a title=\"V\u0161e o smartphonech XPERIA\" href=\"http:\/\/xperia.cz\" target=\"_blank\" rel=\"noopener\">Xperia.cz<\/a><\/li>\n<li><a title=\"hubblesite.org\" href=\"http:\/\/hubblesite.org\/\" target=\"_blank\" rel=\"noopener\">Hubblesite.org<\/a><\/li>\n<li><a title=\"zaj\u00edmav\u00fd meteo web\" href=\"https:\/\/www.ventusky.com\" target=\"_blank\" rel=\"noopener\">wentusky.com<\/a><\/li>\n<li><a title=\"moje star\u00e9 str\u00e1nky\" href=\"https:\/\/old.jenikovo.cz\">old jen\u00edk<\/a><\/li>\n<\/ul>\n","protected":false},"excerpt":{"rendered":"<p>Foto Fotoapar\u00e1t.cz DIGIarena Digimanie www.photozone.de dpriview.com PC servery Root abclinuxu Linux EXPRES Deep in IT CDR PCTuning K\u0161efty PC a jin\u00e9 CDRmarket Alza.cz Mironet importPC Ostatn\u00ed Samuraj.com Xperia.cz Hubblesite.org wentusky.com old jen\u00edk<\/p>\n","protected":false},"author":1,"featured_media":0,"parent":0,"menu_order":0,"comment_status":"closed","ping_status":"closed","template":"","meta":{"ngg_post_thumbnail":0,"footnotes":""},"class_list":["post-163","page","type-page","status-publish","hentry"],"_links":{"self":[{"href":"https:\/\/www.jenikovo.cz\/index.php\/wp-json\/wp\/v2\/pages\/163","targetHints":{"allow":["GET"]}}],"collection":[{"href":"https:\/\/www.jenikovo.cz\/index.php\/wp-json\/wp\/v2\/pages"}],"about":[{"href":"https:\/\/www.jenikovo.cz\/index.php\/wp-json\/wp\/v2\/types\/page"}],"author":[{"embeddable":true,"href":"https:\/\/www.jenikovo.cz\/index.php\/wp-json\/wp\/v2\/users\/1"}],"replies":[{"embeddable":true,"href":"https:\/\/www.jenikovo.cz\/index.php\/wp-json\/wp\/v2\/comments?post=163"}],"version-history":[{"count":27,"href":"https:\/\/www.jenikovo.cz\/index.php\/wp-json\/wp\/v2\/pages\/163\/revisions"}],"predecessor-version":[{"id":463,"href":"https:\/\/www.jenikovo.cz\/index.php\/wp-json\/wp\/v2\/pages\/163\/revisions\/463"}],"wp:attachment":[{"href":"https:\/\/www.jenikovo.cz\/index.php\/wp-json\/wp\/v2\/media?parent=163"}],"curies":[{"name":"wp","href":"https:\/\/api.w.org\/{rel}","templated":true}]}}