{"id":24,"date":"2016-12-25T15:13:15","date_gmt":"2016-12-25T14:13:15","guid":{"rendered":"https:\/\/jenikovo.cz\/?page_id=24"},"modified":"2016-12-31T23:33:25","modified_gmt":"2016-12-31T22:33:25","slug":"home","status":"publish","type":"page","link":"https:\/\/www.jenikovo.cz\/","title":{"rendered":"V\u00edtej"},"content":{"rendered":"<p><img loading=\"lazy\" decoding=\"async\" class=\"alignleft wp-image-89 size-full\" src=\"https:\/\/jenikovo.cz\/wp-content\/uploads\/2016\/12\/IMG_2595x.jpg\" width=\"2000\" height=\"1333\" \/><\/p>\n<blockquote>\n<p style=\"text-align: left;\"><span style=\"color: #000000;\"><em><strong>Kam jdete str\u00fd\u010dku?<\/strong><\/em><\/span><\/p>\n<p style=\"text-align: left;\"><span style=\"color: #000000;\"><em><strong>Na houby.<\/strong><\/em><\/span><\/p>\n<p style=\"text-align: left;\"><span style=\"color: #000000;\"><em><strong>A na co m\u00e1te tak velk\u00fd fotoapar\u00e1t?<\/strong><\/em><\/span><\/p>\n<p style=\"text-align: left;\"><span style=\"color: #000000;\"><em><strong>To kdybych potkal Karkulku.<\/strong><\/em><\/span><\/p>\n<\/blockquote>\n","protected":false},"excerpt":{"rendered":"<p>Kam jdete str\u00fd\u010dku? Na houby. A na co m\u00e1te tak velk\u00fd fotoapar\u00e1t? To kdybych potkal Karkulku.<\/p>\n","protected":false},"author":1,"featured_media":0,"parent":0,"menu_order":0,"comment_status":"closed","ping_status":"closed","template":"","meta":{"ngg_post_thumbnail":0,"footnotes":""},"class_list":["post-24","page","type-page","status-publish","hentry"],"_links":{"self":[{"href":"https:\/\/www.jenikovo.cz\/index.php\/wp-json\/wp\/v2\/pages\/24","targetHints":{"allow":["GET"]}}],"collection":[{"href":"https:\/\/www.jenikovo.cz\/index.php\/wp-json\/wp\/v2\/pages"}],"about":[{"href":"https:\/\/www.jenikovo.cz\/index.php\/wp-json\/wp\/v2\/types\/page"}],"author":[{"embeddable":true,"href":"https:\/\/www.jenikovo.cz\/index.php\/wp-json\/wp\/v2\/users\/1"}],"replies":[{"embeddable":true,"href":"https:\/\/www.jenikovo.cz\/index.php\/wp-json\/wp\/v2\/comments?post=24"}],"version-history":[{"count":23,"href":"https:\/\/www.jenikovo.cz\/index.php\/wp-json\/wp\/v2\/pages\/24\/revisions"}],"predecessor-version":[{"id":213,"href":"https:\/\/www.jenikovo.cz\/index.php\/wp-json\/wp\/v2\/pages\/24\/revisions\/213"}],"wp:attachment":[{"href":"https:\/\/www.jenikovo.cz\/index.php\/wp-json\/wp\/v2\/media?parent=24"}],"curies":[{"name":"wp","href":"https:\/\/api.w.org\/{rel}","templated":true}]}}